{"id":8340,"date":"2023-07-23T03:11:25","date_gmt":"2023-07-23T03:11:25","guid":{"rendered":"https:\/\/totaltraveldeals.com\/product\/timberland-mens-davis-squares-chukka-shoe\/"},"modified":"2023-07-23T03:11:25","modified_gmt":"2023-07-23T03:11:25","slug":"timberland-mens-davis-squares-chukka-shoe","status":"publish","type":"product","link":"https:\/\/traveloscar.com\/?product=timberland-mens-davis-squares-chukka-shoe","title":{"rendered":"Timberland Men&#8217;s Davis Square&#8217;s Chukka Shoe"},"content":{"rendered":"<p>Price: <span style=\"color:#b12704\">$45.00<\/span><br \/><i><small>(as of Jul 23,2023 03:11:26 UTC &#8211; <span class=\"wp_automatic_amazon_disclaimer\" title=\"Product prices and availability are accurate as of the date\/time indicated and are subject to change. Any price and availability information displayed on [relevant Amazon Site(s), as applicable] at the time of purchase will apply to the purchase of this product.\">Details<\/span>)<\/small><\/i><\/p>\n<p><a href=\"https:\/\/amazon.com\/dp\/B079VQNX85?tag=mytravelplaces-20\"><\/a><br \/>\n<br \/>\n <span>Our Davis Square mixed-media chukkas are made to feel comfy inside with lightweight OrthoLite footbeds and look great outside with Defender Repellent Systems treatment to help repel stains. They&#8217;re also mindfully made with responsibly sourced leather and eco-conscious fabric.<\/p>\n<p>Nuestras chukkas de medios mixtos Davis Square est\u00e1n hechas para sentirse c\u00f3modas en el interior con plantillas OrthoLite ligeras y se ven muy bien en el exterior con el tratamiento Defender Reflective Systems para ayudar a repeler las manchas. Tambi\u00e9n est\u00e1n hechos conscientemente con cuero de origen responsable y tela ecol\u00f3gica.<\/p>\n<p>\u05d4\u05e6&#8217;\u05d5\u05e7\u05dc\u05d5\u05ea \u05d4\u05de\u05d3\u05d9\u05d4 \u05d4\u05de\u05e2\u05d5\u05e8\u05d1\u05d5\u05ea \u05e9\u05dc Davis Square \u05e9\u05dc\u05e0\u05d5 \u05de\u05d9\u05d5\u05e6\u05e8\u05d5\u05ea \u05db\u05d3\u05d9 \u05dc\u05d4\u05e8\u05d2\u05d9\u05e9 \u05d1\u05e0\u05d5\u05d7 \u05d1\u05e4\u05e0\u05d9\u05dd \u05e2\u05dd \u05de\u05d3\u05e8\u05e1\u05d9\u05dd \u05e7\u05dc\u05d9 \u05de\u05e9\u05e7\u05dc OrthoLite \u05d5\u05e0\u05e8\u05d0\u05d5\u05ea \u05e0\u05d4\u05d3\u05e8 \u05d1\u05d7\u05d5\u05e5 \u05e2\u05dd \u05d8\u05d9\u05e4\u05d5\u05dc \u05d1\u05de\u05e2\u05e8\u05db\u05d5\u05ea \u05d3\u05d5\u05d7\u05d4 \u05de\u05d2\u05df \u05db\u05d3\u05d9 \u05dc\u05e2\u05d6\u05d5\u05e8 \u05dc\u05d3\u05d7\u05d5\u05ea \u05db\u05ea\u05de\u05d9\u05dd. \u05d4\u05dd \u05d2\u05dd \u05de\u05d9\u05d5\u05e6\u05e8\u05d9\u05dd \u05d1\u05e7\u05e4\u05d9\u05d3\u05d4 \u05e2\u05dd \u05e2\u05d5\u05e8 \u05e9\u05de\u05e7\u05d5\u05e8\u05d5 \u05d1\u05d0\u05d7\u05e8\u05d9\u05d5\u05ea \u05d5\u05d1\u05d3 \u05d9\u05d3\u05d9\u05d3\u05d5\u05ea\u05d9 \u05dc\u05e1\u05d1\u05d9\u05d1\u05d4.<\/p>\n<p>Unsere Davis Square Chukkas mit gemischten Medien f\u00fchlen sich innen mit leichten OrthoLite-Fu\u00dfbetten bequem an und sehen drau\u00dfen toll aus mit Defender Repellent Systems Behandlung, um Flecken abzuwehren. Sie sind auch sorgf\u00e4ltig aus nachhaltig angebautem Leder und umweltfreundlichem Stoff gefertigt.<\/p>\n<p>\u0635\u064f\u0646\u0639\u062a \u0623\u062d\u0630\u064a\u0629 \u062a\u0634\u0648\u0643\u0633 \u0645\u0631\u0628\u0639\u0629 \u0627\u0644\u0634\u0643\u0644 \u0645\u0646 Davis \u0644\u062a\u0645\u0646\u062d\u0643 \u0627\u0644\u0634\u0639\u0648\u0631 \u0628\u0627\u0644\u0631\u0627\u062d\u0629 \u0641\u064a \u0627\u0644\u062f\u0627\u062e\u0644 \u0645\u0639 \u0628\u0637\u0627\u0646\u0627\u062a \u0627\u0644\u0642\u062f\u0645 OrthoLite \u062e\u0641\u064a\u0641\u0629 \u0627\u0644\u0648\u0632\u0646 \u0648\u062a\u0628\u062f\u0648 \u0631\u0627\u0626\u0639\u0629 \u0641\u064a \u0627\u0644\u062e\u0627\u0631\u062c \u0645\u0639 \u0646\u0638\u0627\u0645 \u0627\u0644\u062d\u0645\u0627\u064a\u0629 \u0627\u0644\u0637\u0627\u0631\u062f \u0644\u0644\u0645\u0633\u0627\u0639\u062f\u0629 \u0641\u064a \u0637\u0631\u062f \u0627\u0644\u0628\u0642\u0639. \u0643\u0645\u0627 \u0623\u0646\u0647\u0627 \u0645\u0635\u0646\u0648\u0639\u0629 \u0628\u0639\u0646\u0627\u064a\u0629 \u0645\u0646 \u062c\u0644\u062f \u0645\u0633\u062c\u0644 \u0628\u0637\u0631\u0642 \u0645\u0633\u0624\u0648\u0644\u0629 \u0648\u0646\u0633\u064a\u062c \u0635\u062f\u064a\u0642 \u0644\u0644\u0628\u064a\u0626\u0629.<\/p>\n<p>Nossos chukkas de m\u00eddia mista Davis Square s\u00e3o feitos para se sentir confort\u00e1vel dentro com palmilhas OrthoLite leves e ficam \u00f3timos por fora com o tratamento Defender Repelentes Systems para ajudar a repelir manchas. Eles tamb\u00e9m s\u00e3o feitos cuidadosamente com couro de origem respons\u00e1vel e tecido ecol\u00f3gico.<\/p>\n<p>\u6211\u4eec\u7684 Davis Square \u6df7\u5408\u4ecb\u8d28\u9ad8\u5e2e\u76ae\u9a6c\u9774\u91c7\u7528\u8f7b\u8d28 OrthoLite \u978b\u57ab\u5236\u6210,\u5728\u5ba4\u5916\u4f7f\u7528 Defender Repellent Systems \u5904\u7406,\u6709\u52a9\u4e8e\u9632\u6c61\u3002 \u5b83\u4eec\u8fd8\u91c7\u7528\u8d1f\u8d23\u4efb\u7684\u76ae\u9769\u548c\u73af\u4fdd\u9762\u6599\u7cbe\u5fc3\u5236\u4f5c\u3002<\/p>\n<p>\u6211\u5011\u7684 Davis Square \u6df7\u5408\u5a92\u4ecb chukkas \u63a1\u7528\u8f15\u91cf\u7684 OrthoLite \u978b\u588a\u88fd\u6210,\u8b93\u5167\u90e8\u611f\u89ba\u8212\u9069,\u5916\u9762\u63a1\u7528 Defender Repellent Systems \u8655\u7406,\u6709\u52a9\u65bc\u6392\u9664\u6c61\u6f2c\u3002 \u5b83\u5011\u4e5f\u63a1\u7528\u8ca0\u8cac\u4efb\u63a1\u8cfc\u7684\u76ae\u9769\u548c\u74b0\u4fdd\u9762\u6599\u7cbe\u5fc3\u88fd\u4f5c\u3002 \u200b<\/p>\n<p>Davis Square \ud63c\ud569 \ubbf8\ub514\uc5b4 \ucd94\uce74\ub294 \uac00\ubcbc\uc6b4 \uc624\uc18c\ub77c\uc774\ud2b8 \ud48b \ubca0\ub4dc\ub85c \ub0b4\ubd80\ub97c \ud3b8\uc548\ud558\uac8c \ub290\ub084 \uc218 \uc788\ub3c4\ub85d \ub9cc\ub4e4\uc5b4\uc84c\uc73c\uba70 Defender Repellent Systems \ucc98\ub9ac\ub85c \uc5bc\ub8e9\uc744 \ubc29\uc9c0\ud558\ub294 \ub370 \ub3c4\uc6c0\uc774 \ub429\ub2c8\ub2e4. \ub610\ud55c \ucc45\uc784\uac10 \uc788\uac8c \uacf5\uae09\ub418\ub294 \uac00\uc8fd\uacfc \uce5c\ud658\uacbd \uc6d0\ub2e8\uc73c\ub85c \uc2e0\uc911\ud558\uac8c \uc81c\uc791\ub418\uc5c8\uc2b5\ub2c8\ub2e4.<\/span>  <br \/> Is Discontinued By Manufacturer                                    \u200f                                        :                                    \u200e                                 No <br \/> Product Dimensions                                    \u200f                                        :                                    \u200e                                 16 x 7 x 5 inches; 2.46 Pounds <br \/> Item model number                                    \u200f                                        :                                    \u200e                                 TB0A1OI32311 <br \/> Department                                    \u200f                                        :                                    \u200e                                 mens <br \/> Date First Available                                    \u200f                                        :                                    \u200e                                 February 16, 2018 <br \/> Manufacturer                                    \u200f                                        :                                    \u200e                                 Timberland <br \/> ASIN                                    \u200f                                        :                                    \u200e                                 B079VVBT6L <\/p>\n<p>Imported<br \/>Rubber sole<br \/>Shaft measures approximately 4&#8243; from arch<br \/>sku=tb0a1oi3-8<br \/>\n<br \/><\/p>\n","protected":false},"excerpt":{"rendered":"<p>Price: (as of &#8211; Details) Our Davis Square mixed-media chukkas are made to feel comfy inside with lightweight OrthoLite footbeds and look great outside with Defender Repellent Systems treatment to help repel stains. They&#8217;re also mindfully made with responsibly sourced leather and eco-conscious fabric. Nuestras chukkas de medios mixtos Davis Square est\u00e1n hechas para sentirse&#8230;<\/p>\n","protected":false},"featured_media":8341,"comment_status":"open","ping_status":"closed","template":"","meta":{"om_disable_all_campaigns":false,"_monsterinsights_skip_tracking":false,"_monsterinsights_sitenote_active":false,"_monsterinsights_sitenote_note":"","_monsterinsights_sitenote_category":0,"_kad_post_transparent":"","_kad_post_title":"","_kad_post_layout":"","_kad_post_sidebar_id":"","_kad_post_content_style":"","_kad_post_vertical_padding":"","_kad_post_feature":"","_kad_post_feature_position":"","_kad_post_header":false,"_kad_post_footer":false},"product_cat":[20],"product_tag":[2143,2141,169,173,2142,2140],"class_list":{"0":"post-8340","1":"product","2":"type-product","3":"status-publish","4":"has-post-thumbnail","6":"product_cat-clothing-shoes","7":"product_tag-chukka","8":"product_tag-davis","9":"product_tag-mens","10":"product_tag-shoe","11":"product_tag-squares","12":"product_tag-timberland","14":"first","15":"instock","16":"shipping-taxable","17":"product-type-external","18":"entry","19":"content-bg","20":"loop-entry"},"aioseo_notices":[],"_links":{"self":[{"href":"https:\/\/traveloscar.com\/index.php?rest_route=\/wp\/v2\/product\/8340","targetHints":{"allow":["GET"]}}],"collection":[{"href":"https:\/\/traveloscar.com\/index.php?rest_route=\/wp\/v2\/product"}],"about":[{"href":"https:\/\/traveloscar.com\/index.php?rest_route=\/wp\/v2\/types\/product"}],"replies":[{"embeddable":true,"href":"https:\/\/traveloscar.com\/index.php?rest_route=%2Fwp%2Fv2%2Fcomments&post=8340"}],"wp:featuredmedia":[{"embeddable":true,"href":"https:\/\/traveloscar.com\/index.php?rest_route=\/wp\/v2\/media\/8341"}],"wp:attachment":[{"href":"https:\/\/traveloscar.com\/index.php?rest_route=%2Fwp%2Fv2%2Fmedia&parent=8340"}],"wp:term":[{"taxonomy":"product_cat","embeddable":true,"href":"https:\/\/traveloscar.com\/index.php?rest_route=%2Fwp%2Fv2%2Fproduct_cat&post=8340"},{"taxonomy":"product_tag","embeddable":true,"href":"https:\/\/traveloscar.com\/index.php?rest_route=%2Fwp%2Fv2%2Fproduct_tag&post=8340"}],"curies":[{"name":"wp","href":"https:\/\/api.w.org\/{rel}","templated":true}]}}