{"id":3348,"date":"2023-07-08T04:59:14","date_gmt":"2023-07-08T04:59:14","guid":{"rendered":"https:\/\/totaltraveldeals.com\/product\/nike-mens-court-legacy-gymnastics-shoe\/"},"modified":"2023-07-08T04:59:15","modified_gmt":"2023-07-08T04:59:15","slug":"nike-mens-court-legacy-gymnastics-shoe","status":"publish","type":"product","link":"https:\/\/traveloscar.com\/?product=nike-mens-court-legacy-gymnastics-shoe","title":{"rendered":"Nike Men&#8217;s Court Legacy Gymnastics Shoe"},"content":{"rendered":"<p>Price: <span style=\"color:#b12704\">$85.00<\/span><br \/><i><small>(as of Jul 08,2023 04:59:15 UTC &#8211; <span class=\"wp_automatic_amazon_disclaimer\" title=\"Product prices and availability are accurate as of the date\/time indicated and are subject to change. Any price and availability information displayed on [relevant Amazon Site(s), as applicable] at the time of purchase will apply to the purchase of this product.\">Details<\/span>)<\/small><\/i><\/p>\n<p><a href=\"https:\/\/amazon.com\/dp\/B08TQVRBHD?tag=mytravelplaces-20\"><\/a><br \/>\n<br \/>\n <span>Nike Court Legacy, designed to pay tribute to the culture of tennis with its modern and urban design, is the perfect reinterpretation of a classic. Made of leather and characterized by traditional stitching and a retro swoosh design, it combines sport and fashion.<\/p>\n<p>Nike Court Legacy, dise\u00f1ado para rendir homenaje a la cultura del tenis con su dise\u00f1o moderno y urbano, es la reinterpretaci\u00f3n perfecta de un cl\u00e1sico. Hecho de cuero y caracterizado por costuras tradicionales y un dise\u00f1o retro swoosh, combina deporte y moda.<\/span>  <br \/> Product Dimensions                                    \u200f                                        :                                    \u200e                                 9.65 x 3.35 x 3.74 inches; 1.1 Pounds <br \/> Item model number                                    \u200f                                        :                                    \u200e                                 CW6539-002 <br \/> Department                                    \u200f                                        :                                    \u200e                                 mens <br \/> Date First Available                                    \u200f                                        :                                    \u200e                                 May 5, 2021 <br \/> Manufacturer                                    \u200f                                        :                                    \u200e                                 Nike <br \/> ASIN                                    \u200f                                        :                                    \u200e                                 B08R5XFBZ4 <\/p>\n<p>Rubber sole<br \/>Shaft measures approximately Ankle from arch<br \/>Sports shoes<br \/>Fabric upper<br \/>Full length rubber tread<br \/>\n<br \/><\/p>\n","protected":false},"excerpt":{"rendered":"<p>Price: (as of &#8211; Details) Nike Court Legacy, designed to pay tribute to the culture of tennis with its modern and urban design, is the perfect reinterpretation of a classic. Made of leather and characterized by traditional stitching and a retro swoosh design, it combines sport and fashion. Nike Court Legacy, dise\u00f1ado para rendir homenaje&#8230;<\/p>\n","protected":false},"featured_media":3349,"comment_status":"open","ping_status":"closed","template":"","meta":{"om_disable_all_campaigns":false,"_monsterinsights_skip_tracking":false,"_monsterinsights_sitenote_active":false,"_monsterinsights_sitenote_note":"","_monsterinsights_sitenote_category":0,"_kad_post_transparent":"","_kad_post_title":"","_kad_post_layout":"","_kad_post_sidebar_id":"","_kad_post_content_style":"","_kad_post_vertical_padding":"","_kad_post_feature":"","_kad_post_feature_position":"","_kad_post_header":false,"_kad_post_footer":false},"product_cat":[20],"product_tag":[580,582,581,169,432,173],"class_list":{"0":"post-3348","1":"product","2":"type-product","3":"status-publish","4":"has-post-thumbnail","6":"product_cat-clothing-shoes","7":"product_tag-court","8":"product_tag-gymnastics","9":"product_tag-legacy","10":"product_tag-mens","11":"product_tag-nike","12":"product_tag-shoe","14":"first","15":"instock","16":"shipping-taxable","17":"product-type-external","18":"entry","19":"content-bg","20":"loop-entry"},"aioseo_notices":[],"_links":{"self":[{"href":"https:\/\/traveloscar.com\/index.php?rest_route=\/wp\/v2\/product\/3348","targetHints":{"allow":["GET"]}}],"collection":[{"href":"https:\/\/traveloscar.com\/index.php?rest_route=\/wp\/v2\/product"}],"about":[{"href":"https:\/\/traveloscar.com\/index.php?rest_route=\/wp\/v2\/types\/product"}],"replies":[{"embeddable":true,"href":"https:\/\/traveloscar.com\/index.php?rest_route=%2Fwp%2Fv2%2Fcomments&post=3348"}],"wp:featuredmedia":[{"embeddable":true,"href":"https:\/\/traveloscar.com\/index.php?rest_route=\/wp\/v2\/media\/3349"}],"wp:attachment":[{"href":"https:\/\/traveloscar.com\/index.php?rest_route=%2Fwp%2Fv2%2Fmedia&parent=3348"}],"wp:term":[{"taxonomy":"product_cat","embeddable":true,"href":"https:\/\/traveloscar.com\/index.php?rest_route=%2Fwp%2Fv2%2Fproduct_cat&post=3348"},{"taxonomy":"product_tag","embeddable":true,"href":"https:\/\/traveloscar.com\/index.php?rest_route=%2Fwp%2Fv2%2Fproduct_tag&post=3348"}],"curies":[{"name":"wp","href":"https:\/\/api.w.org\/{rel}","templated":true}]}}